{"id":1904,"date":"2023-01-25T16:16:58","date_gmt":"2023-01-25T15:16:58","guid":{"rendered":"https:\/\/alastmataro.com\/nosotros\/"},"modified":"2024-10-01T14:45:41","modified_gmt":"2024-10-01T12:45:41","slug":"nosotros","status":"publish","type":"page","link":"https:\/\/alastmataro.com\/es\/nosotros\/","title":{"rendered":"Nosotros"},"content":{"rendered":"\t\t<div data-elementor-type=\"wp-page\" data-elementor-id=\"1904\" class=\"elementor elementor-1904 elementor-745\" data-elementor-post-type=\"page\">\n\t\t\t\t\t\t<section class=\"elementor-section elementor-top-section elementor-element elementor-element-67a741b elementor-section-full_width elementor-section-height-default elementor-section-height-default\" data-id=\"67a741b\" data-element_type=\"section\">\n\t\t\t\t\t\t<div class=\"elementor-container elementor-column-gap-no\">\n\t\t\t\t\t<div class=\"elementor-column elementor-col-100 elementor-top-column elementor-element elementor-element-b648f94\" data-id=\"b648f94\" data-element_type=\"column\">\n\t\t\t<div class=\"elementor-widget-wrap elementor-element-populated\">\n\t\t\t\t\t\t<div class=\"elementor-element elementor-element-b1b7f80 elementor-widget elementor-widget-candore-banner-simple\" data-id=\"b1b7f80\" data-element_type=\"widget\" data-widget_type=\"candore-banner-simple.default\">\n\t\t\t\t<div class=\"elementor-widget-container\">\n\t\t\t\t\t\n\t\t\n\t\t<div class=\"banner-header valign bg-img bg-img-d-s bg-fixed\" data-overlay-dark=\"6\" data-background=\"https:\/\/alastmataro.com\/wp-content\/uploads\/2024\/08\/local-alast-jpg.webp\">\n\t\t\t<div class=\"container\">\n\t\t\t\t<div class=\"row\">\n\t\t\t\t\t<div class=\"col-md-12 text-center caption mt-60\">\n\t\t\t\t\t\t\t\t\t\t\t\t\t<h5 class=\"cd-intro-title-h5\">Qui\u00e9nes somos<\/h5 >\n\t\t\t\t\t\t\t\t\t\t\t\t<h1 class=\"cd-intro-title-h1\">\n\t\t\t\t\t\t\t\t\t\t\t\t\tSobre nosotros\t\t\t\t\t\t\t\t\t\t\t\t\t\t\t\t\t\t\t<span>Nuestra historia<\/span>\n\t\t\t\t\t\t\t\t\t\t\t\t<\/h1>\n\t\t\t\t\t\t\t\t\t\t\t<\/div>\n\t\t\t\t<\/div>\n\t\t\t<\/div>\n        <\/div>\t\t\n\n        \t\t<\/div>\n\t\t\t\t<\/div>\n\t\t\t\t\t<\/div>\n\t\t<\/div>\n\t\t\t\t\t<\/div>\n\t\t<\/section>\n\t\t\t\t<section class=\"elementor-section elementor-top-section elementor-element elementor-element-4bba73fc elementor-section-boxed elementor-section-height-default elementor-section-height-default\" data-id=\"4bba73fc\" data-element_type=\"section\" id=\"test\">\n\t\t\t\t\t\t<div class=\"elementor-container elementor-column-gap-default\">\n\t\t\t\t\t<div class=\"elementor-column elementor-col-100 elementor-top-column elementor-element elementor-element-5b8a7a97\" data-id=\"5b8a7a97\" data-element_type=\"column\">\n\t\t\t<div class=\"elementor-widget-wrap elementor-element-populated\">\n\t\t\t\t\t\t<div class=\"elementor-section elementor-inner-section elementor-element elementor-element-eb8a4f6 elementor-section-full_width elementor-section-height-default elementor-section-height-default\" data-id=\"eb8a4f6\" data-element_type=\"section\">\n\t\t\t\t\t\t<div class=\"elementor-container elementor-column-gap-default\">\n\t\t\t\t\t<div class=\"elementor-column elementor-col-33 elementor-inner-column elementor-element elementor-element-2bd81d82\" data-id=\"2bd81d82\" data-element_type=\"column\">\n\t\t\t<div class=\"elementor-widget-wrap elementor-element-populated\">\n\t\t\t\t\t\t<div class=\"elementor-element elementor-element-67f1e365 elementor-widget elementor-widget-candore-sec-title\" data-id=\"67f1e365\" data-element_type=\"widget\" data-widget_type=\"candore-sec-title.default\">\n\t\t\t\t<div class=\"elementor-widget-container\">\n\t\t\t\t\t<div class=\"section-head mb-0 text-left \">\n\t\t\t\t\t\t<h6 class=\"section-subtitle\">Alast pollos gourmet<\/h6>\n\t\t\t\t\t\t            <h5 class=\"section-title\">Un poco sobre Alast<\/h5>\n\t\t\t\t\t\t\t\t\t\t\t<\/div>\n\t\t\t\t<\/div>\n\t\t\t\t<\/div>\n\t\t\t\t<div class=\"elementor-element elementor-element-5966cf35 elementor-widget elementor-widget-candore-text-block\" data-id=\"5966cf35\" data-element_type=\"widget\" data-widget_type=\"candore-text-block.default\">\n\t\t\t\t<div class=\"elementor-widget-container\">\n\t\t\t\t\t<div class=\" text-left  candore-text-block\">\r\n\t\t<p>Situados en el coraz\u00f3n de Matar\u00f3, concretamente en el Mercat de la Pla\u00e7a Gran,\u00a0 Alast naci\u00f3 con una propuesta gastron\u00f3mica clara: ofrecer pollo gourmet de la m\u00e1s alta calidad. Pero nuestra pasi\u00f3n por la cocina nos ha llevado a evolucionar y ampliar nuestra carta para ofrecer nuevas y deliciosas opciones para todos los gustos y necesidades. Ahora, adem\u00e1s de nuestro famoso pollo en todas sus variedades, podr\u00e9is disfrutar de platos estrella como nuestro irresistible steak t\u00e0rtar, las croquetas o el lomo bajo con salsa de \u201ccaf\u00e9 Par\u00eds\u201d que ha cautivado a todos nuestros clientes.<br \/><br \/>Nos sentimos orgullosos de haber creado, a lo largo de los a\u00f1os, un espacio familiar y acogedor con una encantadora terraza donde podr\u00e1s disfrutar de una buena comida en un entorno relajado y agradable.<br \/><br \/>Tanto si vienes a probar nuestros cl\u00e1sicos como si quieres probar alguna de las nuevas incorporaciones a la carta, te esperamos con los brazos abiertos!<\/p>\t\t<\/div>\r\n        \t\t<\/div>\n\t\t\t\t<\/div>\n\t\t\t\t<div class=\"elementor-element elementor-element-2f45f7ad elementor-widget elementor-widget-candore-contact\" data-id=\"2f45f7ad\" data-element_type=\"widget\" data-widget_type=\"candore-contact.default\">\n\t\t\t\t<div class=\"elementor-widget-container\">\n\t\t\t        \t\t<div class=\"reservations cd-reservations\">\n\t\t            <div class=\"icon\">\n\t\t\t\t\t\t\t<span class=\"flaticon-tray-1\"><\/span>\n\t\t\t\t\t\t<\/div>\n\t\t            <div class=\"text\">\n\t\t\t\t                <p>Reservar<\/p>\n\t\t\t\t\t\t\t\t\t\t\n\t\t\t\t\t<a href=\"tel:649 561 654\">649 561 654<\/a>\n\t\t\t\t            <\/div>\n        <\/div>\n\t\t\t\t\n        \t\t<\/div>\n\t\t\t\t<\/div>\n\t\t\t\t\t<\/div>\n\t\t<\/div>\n\t\t\t\t<div class=\"elementor-column elementor-col-33 elementor-inner-column elementor-element elementor-element-66837db2\" data-id=\"66837db2\" data-element_type=\"column\">\n\t\t\t<div class=\"elementor-widget-wrap elementor-element-populated\">\n\t\t\t\t\t\t<div class=\"elementor-element elementor-element-66eef4d2 elementor-widget elementor-widget-image\" data-id=\"66eef4d2\" data-element_type=\"widget\" data-widget_type=\"image.default\">\n\t\t\t\t<div class=\"elementor-widget-container\">\n\t\t\t<style>\/*! elementor - v3.23.0 - 05-08-2024 *\/\n.elementor-widget-image{text-align:center}.elementor-widget-image a{display:inline-block}.elementor-widget-image a img[src$=\".svg\"]{width:48px}.elementor-widget-image img{vertical-align:middle;display:inline-block}<\/style>\t\t\t\t\t\t\t\t\t\t<img fetchpriority=\"high\" decoding=\"async\" width=\"500\" height=\"750\" src=\"https:\/\/alastmataro.com\/wp-content\/uploads\/2024\/08\/alast-cuina-jpg.webp\" class=\"attachment-full size-full wp-image-973\" alt=\"\" srcset=\"https:\/\/alastmataro.com\/wp-content\/uploads\/2024\/08\/alast-cuina-jpg.webp 500w, https:\/\/alastmataro.com\/wp-content\/uploads\/2024\/08\/alast-cuina-200x300.webp 200w\" sizes=\"(max-width: 500px) 100vw, 500px\" \/>\t\t\t\t\t\t\t\t\t\t\t\t\t<\/div>\n\t\t\t\t<\/div>\n\t\t\t\t\t<\/div>\n\t\t<\/div>\n\t\t\t\t<div class=\"elementor-column elementor-col-33 elementor-inner-column elementor-element elementor-element-1865cd5f\" data-id=\"1865cd5f\" data-element_type=\"column\">\n\t\t\t<div class=\"elementor-widget-wrap elementor-element-populated\">\n\t\t\t\t\t\t<div class=\"elementor-element elementor-element-58488ffa elementor-widget elementor-widget-image\" data-id=\"58488ffa\" data-element_type=\"widget\" data-widget_type=\"image.default\">\n\t\t\t\t<div class=\"elementor-widget-container\">\n\t\t\t\t\t\t\t\t\t\t\t\t\t<img decoding=\"async\" width=\"500\" height=\"750\" src=\"https:\/\/alastmataro.com\/wp-content\/uploads\/2024\/08\/local-exterior-jpg.webp\" class=\"attachment-full size-full wp-image-1295\" alt=\"\" srcset=\"https:\/\/alastmataro.com\/wp-content\/uploads\/2024\/08\/local-exterior-jpg.webp 500w, https:\/\/alastmataro.com\/wp-content\/uploads\/2024\/08\/local-exterior-200x300.webp 200w\" sizes=\"(max-width: 500px) 100vw, 500px\" \/>\t\t\t\t\t\t\t\t\t\t\t\t\t<\/div>\n\t\t\t\t<\/div>\n\t\t\t\t\t<\/div>\n\t\t<\/div>\n\t\t\t\t\t<\/div>\n\t\t<\/div>\n\t\t\t\t\t<\/div>\n\t\t<\/div>\n\t\t\t\t\t<\/div>\n\t\t<\/section>\n\t\t\t\t<section class=\"elementor-section elementor-top-section elementor-element elementor-element-7237795 elementor-section-boxed elementor-section-height-default elementor-section-height-default\" data-id=\"7237795\" data-element_type=\"section\">\n\t\t\t\t\t\t<div class=\"elementor-container elementor-column-gap-default\">\n\t\t\t\t\t<div class=\"elementor-column elementor-col-100 elementor-top-column elementor-element elementor-element-6eb396b\" data-id=\"6eb396b\" data-element_type=\"column\">\n\t\t\t<div class=\"elementor-widget-wrap elementor-element-populated\">\n\t\t\t\t\t\t<div class=\"elementor-element elementor-element-9edced0 elementor-widget elementor-widget-candore-image-gallery\" data-id=\"9edced0\" data-element_type=\"widget\" data-widget_type=\"candore-image-gallery.default\">\n\t\t\t\t<div class=\"elementor-widget-container\">\n\t\t\t\t\t\n\t\t\t\t\t\t<div class=\"container-after-gallery tt-grid ttgr-layout-3-2 ttgr-portrait-half-off \">\n\t\t<div class=\"row isotope-items-wrap  no-hide-last loadmore-wrapper-gallery sec-gallery\" data-load-item=\"10000000\" data-button-text=\"Load More\">\t\n\t\t\t\t\t\t\t\t\t   \t\t\t\t\n\t\t\t\t\t<div class=\"gallery-item isotope-item tt-grid-item\">\n\t\t\t\t\t\t\n\t\t\t\t\t\t<a href=\"https:\/\/alastmataro.com\/wp-content\/uploads\/2024\/08\/broquetes-jpg.webp\" title=\"\" class=\"img-zoom pgi-image ttgr-height\">\n\t\t\t\t\t\t\t<div class=\"gallery-box\">\n\t\t\t\t\t\t\t\t<div class=\"gallery-img \"> <img decoding=\"async\" src=\"https:\/\/alastmataro.com\/wp-content\/uploads\/2024\/08\/broquetes-jpg.webp\" class=\"img-fluid mx-auto d-block\" alt=\"\"> <\/div>\n\t\t\t\t\t\t\t<\/div>\t\t\t\t\t\t\t\t\t\n\t\t\t\t\t\t<\/a>\n\t\t\t\t\t\t\n\t\t\t\t\t<\/div>\n\t\t\t    \t\n\t\t\t\t\t\t\t\t\t   \t\t\t\t\n\t\t\t\t\t<div class=\"gallery-item isotope-item tt-grid-item\">\n\t\t\t\t\t\t\n\t\t\t\t\t\t<a href=\"https:\/\/alastmataro.com\/wp-content\/uploads\/2024\/08\/hamburguesa-jpg.webp\" title=\"\" class=\"img-zoom pgi-image ttgr-height\">\n\t\t\t\t\t\t\t<div class=\"gallery-box\">\n\t\t\t\t\t\t\t\t<div class=\"gallery-img \"> <img decoding=\"async\" src=\"https:\/\/alastmataro.com\/wp-content\/uploads\/2024\/08\/hamburguesa-jpg.webp\" class=\"img-fluid mx-auto d-block\" alt=\"\"> <\/div>\n\t\t\t\t\t\t\t<\/div>\t\t\t\t\t\t\t\t\t\n\t\t\t\t\t\t<\/a>\n\t\t\t\t\t\t\n\t\t\t\t\t<\/div>\n\t\t\t    \t\n\t\t\t\t\t\t\t\t\t   \t\t\t\t\n\t\t\t\t\t<div class=\"gallery-item isotope-item tt-grid-item\">\n\t\t\t\t\t\t\n\t\t\t\t\t\t<a href=\"https:\/\/alastmataro.com\/wp-content\/uploads\/2024\/08\/pollastre-patates-jpg.webp\" title=\"\" class=\"img-zoom pgi-image ttgr-height\">\n\t\t\t\t\t\t\t<div class=\"gallery-box\">\n\t\t\t\t\t\t\t\t<div class=\"gallery-img \"> <img decoding=\"async\" src=\"https:\/\/alastmataro.com\/wp-content\/uploads\/2024\/08\/pollastre-patates-jpg.webp\" class=\"img-fluid mx-auto d-block\" alt=\"\"> <\/div>\n\t\t\t\t\t\t\t<\/div>\t\t\t\t\t\t\t\t\t\n\t\t\t\t\t\t<\/a>\n\t\t\t\t\t\t\n\t\t\t\t\t<\/div>\n\t\t\t    \t\n\t\t\t\t\t\t\t\t\t   \t\t\t\t\n\t\t\t\t\t<div class=\"gallery-item isotope-item tt-grid-item\">\n\t\t\t\t\t\t\n\t\t\t\t\t\t<a href=\"https:\/\/alastmataro.com\/wp-content\/uploads\/2024\/08\/tartar-jpg.webp\" title=\"\" class=\"img-zoom pgi-image ttgr-height\">\n\t\t\t\t\t\t\t<div class=\"gallery-box\">\n\t\t\t\t\t\t\t\t<div class=\"gallery-img \"> <img decoding=\"async\" src=\"https:\/\/alastmataro.com\/wp-content\/uploads\/2024\/08\/tartar-jpg.webp\" class=\"img-fluid mx-auto d-block\" alt=\"\"> <\/div>\n\t\t\t\t\t\t\t<\/div>\t\t\t\t\t\t\t\t\t\n\t\t\t\t\t\t<\/a>\n\t\t\t\t\t\t\n\t\t\t\t\t<\/div>\n\t\t\t    \t\n\t\t\t\t\t\t\t\t\t   \t\t\t\t\n\t\t\t\t\t<div class=\"gallery-item isotope-item tt-grid-item\">\n\t\t\t\t\t\t\n\t\t\t\t\t\t<a href=\"https:\/\/alastmataro.com\/wp-content\/uploads\/2024\/08\/tomahawk-alast-jpg.webp\" title=\"\" class=\"img-zoom pgi-image ttgr-height\">\n\t\t\t\t\t\t\t<div class=\"gallery-box\">\n\t\t\t\t\t\t\t\t<div class=\"gallery-img \"> <img decoding=\"async\" src=\"https:\/\/alastmataro.com\/wp-content\/uploads\/2024\/08\/tomahawk-alast-jpg.webp\" class=\"img-fluid mx-auto d-block\" alt=\"\"> <\/div>\n\t\t\t\t\t\t\t<\/div>\t\t\t\t\t\t\t\t\t\n\t\t\t\t\t\t<\/a>\n\t\t\t\t\t\t\n\t\t\t\t\t<\/div>\n\t\t\t    \t\n\t\t\t\t\t\t\t\t\t   \t\t\t\t\n\t\t\t\t\t<div class=\"gallery-item isotope-item tt-grid-item\">\n\t\t\t\t\t\t\n\t\t\t\t\t\t<a href=\"https:\/\/alastmataro.com\/wp-content\/uploads\/2024\/08\/pollastre-jpg.webp\" title=\"\" class=\"img-zoom pgi-image ttgr-height\">\n\t\t\t\t\t\t\t<div class=\"gallery-box\">\n\t\t\t\t\t\t\t\t<div class=\"gallery-img \"> <img decoding=\"async\" src=\"https:\/\/alastmataro.com\/wp-content\/uploads\/2024\/08\/pollastre-jpg.webp\" class=\"img-fluid mx-auto d-block\" alt=\"\"> <\/div>\n\t\t\t\t\t\t\t<\/div>\t\t\t\t\t\t\t\t\t\n\t\t\t\t\t\t<\/a>\n\t\t\t\t\t\t\n\t\t\t\t\t<\/div>\n\t\t\t    \t\n\t\t\t\t\t\t\t\t\t   \t\t\t\t\n\t\t\t\t\t<div class=\"gallery-item isotope-item tt-grid-item\">\n\t\t\t\t\t\t\n\t\t\t\t\t\t<a href=\"https:\/\/alastmataro.com\/wp-content\/uploads\/2024\/08\/hamburgueses-jpg.webp\" title=\"\" class=\"img-zoom pgi-image ttgr-height\">\n\t\t\t\t\t\t\t<div class=\"gallery-box\">\n\t\t\t\t\t\t\t\t<div class=\"gallery-img \"> <img decoding=\"async\" src=\"https:\/\/alastmataro.com\/wp-content\/uploads\/2024\/08\/hamburgueses-jpg.webp\" class=\"img-fluid mx-auto d-block\" alt=\"\"> <\/div>\n\t\t\t\t\t\t\t<\/div>\t\t\t\t\t\t\t\t\t\n\t\t\t\t\t\t<\/a>\n\t\t\t\t\t\t\n\t\t\t\t\t<\/div>\n\t\t\t    \t\n\t\t\t\t\t\t\t\t\t   \t\t\t\t\n\t\t\t\t\t<div class=\"gallery-item isotope-item tt-grid-item\">\n\t\t\t\t\t\t\n\t\t\t\t\t\t<a href=\"https:\/\/alastmataro.com\/wp-content\/uploads\/2024\/08\/costella-jpg.webp\" title=\"\" class=\"img-zoom pgi-image ttgr-height\">\n\t\t\t\t\t\t\t<div class=\"gallery-box\">\n\t\t\t\t\t\t\t\t<div class=\"gallery-img \"> <img decoding=\"async\" src=\"https:\/\/alastmataro.com\/wp-content\/uploads\/2024\/08\/costella-jpg.webp\" class=\"img-fluid mx-auto d-block\" alt=\"\"> <\/div>\n\t\t\t\t\t\t\t<\/div>\t\t\t\t\t\t\t\t\t\n\t\t\t\t\t\t<\/a>\n\t\t\t\t\t\t\n\t\t\t\t\t<\/div>\n\t\t\t    \t\n\t\t\t\t\t\t\t\t\t   \t\t\t\t\n\t\t\t\t\t<div class=\"gallery-item isotope-item tt-grid-item\">\n\t\t\t\t\t\t\n\t\t\t\t\t\t<a href=\"https:\/\/alastmataro.com\/wp-content\/uploads\/2024\/08\/pollastre-patates-cervesa-jpg.webp\" title=\"\" class=\"img-zoom pgi-image ttgr-height\">\n\t\t\t\t\t\t\t<div class=\"gallery-box\">\n\t\t\t\t\t\t\t\t<div class=\"gallery-img \"> <img decoding=\"async\" src=\"https:\/\/alastmataro.com\/wp-content\/uploads\/2024\/08\/pollastre-patates-cervesa-jpg.webp\" class=\"img-fluid mx-auto d-block\" alt=\"\"> <\/div>\n\t\t\t\t\t\t\t<\/div>\t\t\t\t\t\t\t\t\t\n\t\t\t\t\t\t<\/a>\n\t\t\t\t\t\t\n\t\t\t\t\t<\/div>\n\t\t\t    \t\n\t\t\t\t\t\t\t\t\t   \t\t\t\t\n\t\t\t\t\t<div class=\"gallery-item isotope-item tt-grid-item\">\n\t\t\t\t\t\t\n\t\t\t\t\t\t<a href=\"https:\/\/alastmataro.com\/wp-content\/uploads\/2024\/08\/patates-braves-jpg.webp\" title=\"\" class=\"img-zoom pgi-image ttgr-height\">\n\t\t\t\t\t\t\t<div class=\"gallery-box\">\n\t\t\t\t\t\t\t\t<div class=\"gallery-img \"> <img decoding=\"async\" src=\"https:\/\/alastmataro.com\/wp-content\/uploads\/2024\/08\/patates-braves-jpg.webp\" class=\"img-fluid mx-auto d-block\" alt=\"\"> <\/div>\n\t\t\t\t\t\t\t<\/div>\t\t\t\t\t\t\t\t\t\n\t\t\t\t\t\t<\/a>\n\t\t\t\t\t\t\n\t\t\t\t\t<\/div>\n\t\t\t    \t\n\t\t\t\t\n\t\t<\/div>\t\t\n\t\t<\/div>\t\n\t\t\n        \t\t<\/div>\n\t\t\t\t<\/div>\n\t\t\t\t\t<\/div>\n\t\t<\/div>\n\t\t\t\t\t<\/div>\n\t\t<\/section>\n\t\t\t\t<\/div>\n\t\t","protected":false},"excerpt":{"rendered":"<p>Qui\u00e9nes somos Sobre nosotros Nuestra historia Alast pollos gourmet Un poco sobre Alast Situados en el coraz\u00f3n de Matar\u00f3, concretamente en el Mercat de la Pla\u00e7a Gran,\u00a0 Alast naci\u00f3 con&#8230;<\/p>\n","protected":false},"author":1,"featured_media":0,"parent":0,"menu_order":0,"comment_status":"closed","ping_status":"closed","template":"","meta":{"_joinchat":[],"footnotes":""},"class_list":["post-1904","page","type-page","status-publish","hentry"],"yoast_head":"<!-- This site is optimized with the Yoast SEO plugin v23.5 - https:\/\/yoast.com\/wordpress\/plugins\/seo\/ -->\n<title>Nosotros - Alast - Pollos Gourmet<\/title>\n<meta name=\"robots\" content=\"index, follow, max-snippet:-1, max-image-preview:large, max-video-preview:-1\" \/>\n<link rel=\"canonical\" href=\"https:\/\/alastmataro.com\/es\/nosotros\/\" \/>\n<meta property=\"og:locale\" content=\"es_ES\" \/>\n<meta property=\"og:type\" content=\"article\" \/>\n<meta property=\"og:title\" content=\"Nosotros - Alast - Pollos Gourmet\" \/>\n<meta property=\"og:description\" content=\"Qui\u00e9nes somos Sobre nosotros Nuestra historia Alast pollos gourmet Un poco sobre Alast Situados en el coraz\u00f3n de Matar\u00f3, concretamente en el Mercat de la Pla\u00e7a Gran,\u00a0 Alast naci\u00f3 con...\" \/>\n<meta property=\"og:url\" content=\"https:\/\/alastmataro.com\/es\/nosotros\/\" \/>\n<meta property=\"og:site_name\" content=\"Alast - Pollos Gourmet\" \/>\n<meta property=\"article:publisher\" content=\"https:\/\/www.facebook.com\/profile.php?id=100095807010157\" \/>\n<meta property=\"article:modified_time\" content=\"2024-10-01T12:45:41+00:00\" \/>\n<meta property=\"og:image\" content=\"https:\/\/alastmataro.com\/wp-content\/uploads\/2024\/08\/alast-cuina-jpg.webp\" \/>\n<meta name=\"twitter:card\" content=\"summary_large_image\" \/>\n<meta name=\"twitter:label1\" content=\"Tiempo de lectura\" \/>\n\t<meta name=\"twitter:data1\" content=\"1 minuto\" \/>\n<script type=\"application\/ld+json\" class=\"yoast-schema-graph\">{\"@context\":\"https:\/\/schema.org\",\"@graph\":[{\"@type\":\"WebPage\",\"@id\":\"https:\/\/alastmataro.com\/es\/nosotros\/\",\"url\":\"https:\/\/alastmataro.com\/es\/nosotros\/\",\"name\":\"Nosotros - Alast - Pollos Gourmet\",\"isPartOf\":{\"@id\":\"https:\/\/alastmataro.com\/#website\"},\"primaryImageOfPage\":{\"@id\":\"https:\/\/alastmataro.com\/es\/nosotros\/#primaryimage\"},\"image\":{\"@id\":\"https:\/\/alastmataro.com\/es\/nosotros\/#primaryimage\"},\"thumbnailUrl\":\"https:\/\/alastmataro.com\/wp-content\/uploads\/2024\/08\/alast-cuina-jpg.webp\",\"datePublished\":\"2023-01-25T15:16:58+00:00\",\"dateModified\":\"2024-10-01T12:45:41+00:00\",\"breadcrumb\":{\"@id\":\"https:\/\/alastmataro.com\/es\/nosotros\/#breadcrumb\"},\"inLanguage\":\"es\",\"potentialAction\":[{\"@type\":\"ReadAction\",\"target\":[\"https:\/\/alastmataro.com\/es\/nosotros\/\"]}]},{\"@type\":\"ImageObject\",\"inLanguage\":\"es\",\"@id\":\"https:\/\/alastmataro.com\/es\/nosotros\/#primaryimage\",\"url\":\"https:\/\/alastmataro.com\/wp-content\/uploads\/2024\/08\/alast-cuina-jpg.webp\",\"contentUrl\":\"https:\/\/alastmataro.com\/wp-content\/uploads\/2024\/08\/alast-cuina-jpg.webp\"},{\"@type\":\"BreadcrumbList\",\"@id\":\"https:\/\/alastmataro.com\/es\/nosotros\/#breadcrumb\",\"itemListElement\":[{\"@type\":\"ListItem\",\"position\":1,\"name\":\"Inici\",\"item\":\"https:\/\/alastmataro.com\/\"},{\"@type\":\"ListItem\",\"position\":2,\"name\":\"Nosotros\"}]},{\"@type\":\"WebSite\",\"@id\":\"https:\/\/alastmataro.com\/#website\",\"url\":\"https:\/\/alastmataro.com\/\",\"name\":\"Alast - Pollastres Gourmet\",\"description\":\"Poller\u00eda Gourmet en el centro de Matar\u00f3\",\"publisher\":{\"@id\":\"https:\/\/alastmataro.com\/#organization\"},\"potentialAction\":[{\"@type\":\"SearchAction\",\"target\":{\"@type\":\"EntryPoint\",\"urlTemplate\":\"https:\/\/alastmataro.com\/?s={search_term_string}\"},\"query-input\":{\"@type\":\"PropertyValueSpecification\",\"valueRequired\":true,\"valueName\":\"search_term_string\"}}],\"inLanguage\":\"es\"},{\"@type\":\"Organization\",\"@id\":\"https:\/\/alastmataro.com\/#organization\",\"name\":\"Alast - Pollastres Gourmet\",\"url\":\"https:\/\/alastmataro.com\/\",\"logo\":{\"@type\":\"ImageObject\",\"inLanguage\":\"es\",\"@id\":\"https:\/\/alastmataro.com\/#\/schema\/logo\/image\/\",\"url\":\"https:\/\/alastmataro.com\/wp-content\/uploads\/2024\/08\/cropped-ALAST-LOGO.png\",\"contentUrl\":\"https:\/\/alastmataro.com\/wp-content\/uploads\/2024\/08\/cropped-ALAST-LOGO.png\",\"width\":512,\"height\":512,\"caption\":\"Alast - Pollastres Gourmet\"},\"image\":{\"@id\":\"https:\/\/alastmataro.com\/#\/schema\/logo\/image\/\"},\"sameAs\":[\"https:\/\/www.facebook.com\/profile.php?id=100095807010157\",\"https:\/\/www.instagram.com\/alastmataro\"]}]}<\/script>\n<!-- \/ Yoast SEO plugin. -->","yoast_head_json":{"title":"Nosotros - Alast - Pollos Gourmet","robots":{"index":"index","follow":"follow","max-snippet":"max-snippet:-1","max-image-preview":"max-image-preview:large","max-video-preview":"max-video-preview:-1"},"canonical":"https:\/\/alastmataro.com\/es\/nosotros\/","og_locale":"es_ES","og_type":"article","og_title":"Nosotros - Alast - Pollos Gourmet","og_description":"Qui\u00e9nes somos Sobre nosotros Nuestra historia Alast pollos gourmet Un poco sobre Alast Situados en el coraz\u00f3n de Matar\u00f3, concretamente en el Mercat de la Pla\u00e7a Gran,\u00a0 Alast naci\u00f3 con...","og_url":"https:\/\/alastmataro.com\/es\/nosotros\/","og_site_name":"Alast - Pollos Gourmet","article_publisher":"https:\/\/www.facebook.com\/profile.php?id=100095807010157","article_modified_time":"2024-10-01T12:45:41+00:00","og_image":[{"url":"https:\/\/alastmataro.com\/wp-content\/uploads\/2024\/08\/alast-cuina-jpg.webp"}],"twitter_card":"summary_large_image","twitter_misc":{"Tiempo de lectura":"1 minuto"},"schema":{"@context":"https:\/\/schema.org","@graph":[{"@type":"WebPage","@id":"https:\/\/alastmataro.com\/es\/nosotros\/","url":"https:\/\/alastmataro.com\/es\/nosotros\/","name":"Nosotros - Alast - Pollos Gourmet","isPartOf":{"@id":"https:\/\/alastmataro.com\/#website"},"primaryImageOfPage":{"@id":"https:\/\/alastmataro.com\/es\/nosotros\/#primaryimage"},"image":{"@id":"https:\/\/alastmataro.com\/es\/nosotros\/#primaryimage"},"thumbnailUrl":"https:\/\/alastmataro.com\/wp-content\/uploads\/2024\/08\/alast-cuina-jpg.webp","datePublished":"2023-01-25T15:16:58+00:00","dateModified":"2024-10-01T12:45:41+00:00","breadcrumb":{"@id":"https:\/\/alastmataro.com\/es\/nosotros\/#breadcrumb"},"inLanguage":"es","potentialAction":[{"@type":"ReadAction","target":["https:\/\/alastmataro.com\/es\/nosotros\/"]}]},{"@type":"ImageObject","inLanguage":"es","@id":"https:\/\/alastmataro.com\/es\/nosotros\/#primaryimage","url":"https:\/\/alastmataro.com\/wp-content\/uploads\/2024\/08\/alast-cuina-jpg.webp","contentUrl":"https:\/\/alastmataro.com\/wp-content\/uploads\/2024\/08\/alast-cuina-jpg.webp"},{"@type":"BreadcrumbList","@id":"https:\/\/alastmataro.com\/es\/nosotros\/#breadcrumb","itemListElement":[{"@type":"ListItem","position":1,"name":"Inici","item":"https:\/\/alastmataro.com\/"},{"@type":"ListItem","position":2,"name":"Nosotros"}]},{"@type":"WebSite","@id":"https:\/\/alastmataro.com\/#website","url":"https:\/\/alastmataro.com\/","name":"Alast - Pollastres Gourmet","description":"Poller\u00eda Gourmet en el centro de Matar\u00f3","publisher":{"@id":"https:\/\/alastmataro.com\/#organization"},"potentialAction":[{"@type":"SearchAction","target":{"@type":"EntryPoint","urlTemplate":"https:\/\/alastmataro.com\/?s={search_term_string}"},"query-input":{"@type":"PropertyValueSpecification","valueRequired":true,"valueName":"search_term_string"}}],"inLanguage":"es"},{"@type":"Organization","@id":"https:\/\/alastmataro.com\/#organization","name":"Alast - Pollastres Gourmet","url":"https:\/\/alastmataro.com\/","logo":{"@type":"ImageObject","inLanguage":"es","@id":"https:\/\/alastmataro.com\/#\/schema\/logo\/image\/","url":"https:\/\/alastmataro.com\/wp-content\/uploads\/2024\/08\/cropped-ALAST-LOGO.png","contentUrl":"https:\/\/alastmataro.com\/wp-content\/uploads\/2024\/08\/cropped-ALAST-LOGO.png","width":512,"height":512,"caption":"Alast - Pollastres Gourmet"},"image":{"@id":"https:\/\/alastmataro.com\/#\/schema\/logo\/image\/"},"sameAs":["https:\/\/www.facebook.com\/profile.php?id=100095807010157","https:\/\/www.instagram.com\/alastmataro"]}]}},"_links":{"self":[{"href":"https:\/\/alastmataro.com\/es\/wp-json\/wp\/v2\/pages\/1904","targetHints":{"allow":["GET"]}}],"collection":[{"href":"https:\/\/alastmataro.com\/es\/wp-json\/wp\/v2\/pages"}],"about":[{"href":"https:\/\/alastmataro.com\/es\/wp-json\/wp\/v2\/types\/page"}],"author":[{"embeddable":true,"href":"https:\/\/alastmataro.com\/es\/wp-json\/wp\/v2\/users\/1"}],"replies":[{"embeddable":true,"href":"https:\/\/alastmataro.com\/es\/wp-json\/wp\/v2\/comments?post=1904"}],"version-history":[{"count":12,"href":"https:\/\/alastmataro.com\/es\/wp-json\/wp\/v2\/pages\/1904\/revisions"}],"predecessor-version":[{"id":2756,"href":"https:\/\/alastmataro.com\/es\/wp-json\/wp\/v2\/pages\/1904\/revisions\/2756"}],"wp:attachment":[{"href":"https:\/\/alastmataro.com\/es\/wp-json\/wp\/v2\/media?parent=1904"}],"curies":[{"name":"wp","href":"https:\/\/api.w.org\/{rel}","templated":true}]}}