{"id":1914,"date":"2023-01-31T17:09:11","date_gmt":"2023-01-31T16:09:11","guid":{"rendered":"https:\/\/alastmataro.com\/quieres-trabajar-con-nosotros\/"},"modified":"2024-08-14T09:00:54","modified_gmt":"2024-08-14T07:00:54","slug":"quieres-trabajar-con-nosotros","status":"publish","type":"page","link":"https:\/\/alastmataro.com\/es\/quieres-trabajar-con-nosotros\/","title":{"rendered":"\u00bfQuieres trabajar con nosotros?"},"content":{"rendered":"\t\t<div data-elementor-type=\"wp-page\" data-elementor-id=\"1914\" class=\"elementor elementor-1914 elementor-465\" data-elementor-post-type=\"page\">\n\t\t\t\t\t\t<section class=\"elementor-section elementor-top-section elementor-element elementor-element-35e9ddc6 elementor-section-full_width elementor-section-height-full elementor-section-height-default elementor-section-items-middle\" data-id=\"35e9ddc6\" data-element_type=\"section\">\n\t\t\t\t\t\t<div class=\"elementor-container elementor-column-gap-no\">\n\t\t\t\t\t<div class=\"elementor-column elementor-col-100 elementor-top-column elementor-element elementor-element-6e528dcb\" data-id=\"6e528dcb\" data-element_type=\"column\">\n\t\t\t<div class=\"elementor-widget-wrap elementor-element-populated\">\n\t\t\t\t\t\t<div class=\"elementor-element elementor-element-53bd0b85 elementor-widget elementor-widget-candore-banner-image\" data-id=\"53bd0b85\" data-element_type=\"widget\" data-widget_type=\"candore-banner-image.default\">\n\t\t\t\t<div class=\"elementor-widget-container\">\n\t\t\t\t\t\n\t\t\n\t\t<header class=\"header \">\n        \n            <!-- The opacity on the image is made with \"data-overlay-dark=\"number\". You can change it using the numbers 0-9. -->\n            \t\t\t<div class=\"video-fullscreen-wrap full-height valign bg-img-d bg-fixed\" data-overlay-dark=\"6\" data-background=\"https:\/\/alastmataro.com\/wp-content\/uploads\/2024\/08\/local-alast-jpg.webp\">\n\t\t\t\t\t\t                <div class=\"v-middle caption overlay \">\n                    <div class=\"container\">\n                        <div class=\"row\">\n                            <div class=\"col-md-12 text-center\">\n                                \t\t\t\t\t\t\t\t<h6 class=\"cd-intro-title-h6\">Trabaja con nosotros<\/h6>\n\t\t\t\t\t\t\t\t                                <h1 class=\"cd-intro-title-h1\">\n\t\t\t\t\t\t\t\t\t\t\t\t\t\t\t\t\t\t\u00bfQuieres formar parte de nuestro equipo?\t\t\t\t\t\t\t\t\t\t\t\t\t\t\t\t\t\t\t\t\t\t\t\t\t\t\t<span>\u00a1Cont\u00e1ctanos!<\/span>\n\t\t\t\t\t\t\t\t\t\t\t\t\t\t\t\t\t<\/h4>\n\t\t\t\t\t\t\t\t\t\t\t\t\t\t\t\t                            <\/div>\n\t\t\t\t\t\t<\/div>\n                    <\/div>\n                <\/div>\n\t\t\t            <\/div>\n\t\t\n\t\t\n\t\t\t\t\t\t\n    <\/header>\t\t\n\n        \t\t<\/div>\n\t\t\t\t<\/div>\n\t\t\t\t\t<\/div>\n\t\t<\/div>\n\t\t\t\t\t<\/div>\n\t\t<\/section>\n\t\t\t\t<section class=\"elementor-section elementor-top-section elementor-element elementor-element-da2abac elementor-section-boxed elementor-section-height-default elementor-section-height-default\" data-id=\"da2abac\" data-element_type=\"section\">\n\t\t\t\t\t\t<div class=\"elementor-container elementor-column-gap-default\">\n\t\t\t\t\t<div class=\"elementor-column elementor-col-100 elementor-top-column elementor-element elementor-element-b284d56\" data-id=\"b284d56\" data-element_type=\"column\">\n\t\t\t<div class=\"elementor-widget-wrap elementor-element-populated\">\n\t\t\t\t\t\t<div class=\"elementor-element elementor-element-957b47e elementor-widget elementor-widget-candore-feature\" data-id=\"957b47e\" data-element_type=\"widget\" data-widget_type=\"candore-feature.default\">\n\t\t\t\t<div class=\"elementor-widget-container\">\n\t\t\t\t\t\t\t<div class=\"features row\">\n\t<div class=\"col-md-6 animate-box \" data-animate-effect=\"fadeInLeft\">\n                <div class=\"img\">\n                    <img decoding=\"async\" src=\"https:\/\/alastmataro.com\/wp-content\/uploads\/2024\/08\/local-alast-2-jpg.webp\" alt=\"\">\n                <\/div>\n            <\/div>\n            <div class=\"col-md-6 valign animate-box text-left \" data-animate-effect=\"fadeInRight\">\n                <div class=\"wrap\">\n                    \t\t\t\t\t<div class=\"number\">Alast<\/div>\n\t\t\t\t\t                    <div class=\"cont\">\n                        \t\t\t\t\t\t<h3>Nuestro proyecto<\/h3>\n\t\t\t\t\t\t                       \t\t\t\t\t   <p>Si te gusta el proyecto de Alast y estas interesado\/a en unirte a nuestro equipo env\u00edanos tu curr\u00edculum a info@alast.cat oa trav\u00e9s del formulario a continuaci\u00f3n, y te responderemos en breve.\nEn caso de no disponer de vacantes actualmente, agradecemos tu inter\u00e9s por trabajar con nosotros y conservaremos tu curr\u00edculum para futuras oportunidades.\n\nMuchas gracias, \u00a1\u00a1te esperamos!!<\/p>\n\t\t\t\t\t   \t\t\t\t\t   \t\t\t\t\t\t\t<a href=\"#formulari\" target=\"_self\"  class=\"button-4\">Enviar curr\u00edculum<span><\/span><\/a>\n\t\t\t\t\t\t                    <\/div>\n                <\/div>\n            <\/div>\n        <\/div>\n\t\t\t\t\t\t<\/div>\n\t\t\t\t<\/div>\n\t\t\t\t<section class=\"elementor-section elementor-inner-section elementor-element elementor-element-00fef88 elementor-section-boxed elementor-section-height-default elementor-section-height-default\" data-id=\"00fef88\" data-element_type=\"section\">\n\t\t\t\t\t\t<div class=\"elementor-container elementor-column-gap-default\">\n\t\t\t\t\t<div class=\"elementor-column elementor-col-50 elementor-inner-column elementor-element elementor-element-de170af\" data-id=\"de170af\" data-element_type=\"column\" id=\"formulari\">\n\t\t\t<div class=\"elementor-widget-wrap elementor-element-populated\">\n\t\t\t\t\t\t<div class=\"elementor-element elementor-element-8b80ef6 elementor-widget elementor-widget-heading\" data-id=\"8b80ef6\" data-element_type=\"widget\" data-widget_type=\"heading.default\">\n\t\t\t\t<div class=\"elementor-widget-container\">\n\t\t\t<style>\/*! elementor - v3.23.0 - 05-08-2024 *\/\n.elementor-heading-title{padding:0;margin:0;line-height:1}.elementor-widget-heading .elementor-heading-title[class*=elementor-size-]>a{color:inherit;font-size:inherit;line-height:inherit}.elementor-widget-heading .elementor-heading-title.elementor-size-small{font-size:15px}.elementor-widget-heading .elementor-heading-title.elementor-size-medium{font-size:19px}.elementor-widget-heading .elementor-heading-title.elementor-size-large{font-size:29px}.elementor-widget-heading .elementor-heading-title.elementor-size-xl{font-size:39px}.elementor-widget-heading .elementor-heading-title.elementor-size-xxl{font-size:59px}<\/style><h2 class=\"elementor-heading-title elementor-size-default\">Env\u00edanos tu curr\u00edculum<\/h2>\t\t<\/div>\n\t\t\t\t<\/div>\n\t\t\t\t<div class=\"elementor-element elementor-element-fb165ce elementor-widget elementor-widget-candore-form\" data-id=\"fb165ce\" data-element_type=\"widget\" data-widget_type=\"candore-form.default\">\n\t\t\t\t<div class=\"elementor-widget-container\">\n\t\t\t\t\t<div class=\"booking-box\">\n\t\t\t\n\t\t\t\t\t\t\t\t<div class=\"booking-inner clearfix\">\n\t\t\t\t<div class=\"form1 clearfix contact__form vc_template\">\t\t\n\t\t\t\t\t\n<div class=\"wpcf7 no-js\" id=\"wpcf7-f1936-o1\" lang=\"es-ES\" dir=\"ltr\">\n<div class=\"screen-reader-response\"><p role=\"status\" aria-live=\"polite\" aria-atomic=\"true\"><\/p> <ul><\/ul><\/div>\n<form action=\"\/es\/wp-json\/wp\/v2\/pages\/1914#wpcf7-f1936-o1\" method=\"post\" class=\"wpcf7-form init\" aria-label=\"Formulario de contacto\" enctype=\"multipart\/form-data\" novalidate=\"novalidate\" data-status=\"init\">\n<div style=\"display: none;\">\n<input type=\"hidden\" name=\"_wpcf7\" value=\"1936\" \/>\n<input type=\"hidden\" name=\"_wpcf7_version\" value=\"5.9.8\" \/>\n<input type=\"hidden\" name=\"_wpcf7_locale\" value=\"es_ES\" \/>\n<input type=\"hidden\" name=\"_wpcf7_unit_tag\" value=\"wpcf7-f1936-o1\" \/>\n<input type=\"hidden\" name=\"_wpcf7_container_post\" value=\"0\" \/>\n<input type=\"hidden\" name=\"_wpcf7_posted_data_hash\" value=\"\" \/>\n<input type=\"hidden\" name=\"_wpcf7_recaptcha_response\" value=\"\" \/>\n<\/div>\n<div class=\"row\">\n\t<div class=\"col-md-6\">\n\t\t<p><span class=\"wpcf7-form-control-wrap\" data-name=\"your-name\"><input size=\"40\" maxlength=\"400\" class=\"wpcf7-form-control wpcf7-text wpcf7-validates-as-required\" autocomplete=\"name\" aria-required=\"true\" aria-invalid=\"false\" placeholder=\"Nombre\" value=\"\" type=\"text\" name=\"your-name\" \/><\/span>\n\t\t<\/p>\n\t<\/div>\n\t<div class=\"col-md-6\">\n\t\t<p><span class=\"wpcf7-form-control-wrap\" data-name=\"tel-787\"><input size=\"40\" maxlength=\"400\" class=\"wpcf7-form-control wpcf7-tel wpcf7-text wpcf7-validates-as-tel\" aria-invalid=\"false\" placeholder=\"Tel\u00e9fono\" value=\"\" type=\"tel\" name=\"tel-787\" \/><\/span>\n\t\t<\/p>\n\t<\/div>\n\t<div class=\"col-md-12\">\n\t\t<p><span class=\"wpcf7-form-control-wrap\" data-name=\"your-email\"><input size=\"40\" maxlength=\"400\" class=\"wpcf7-form-control wpcf7-email wpcf7-validates-as-required wpcf7-text wpcf7-validates-as-email\" autocomplete=\"email\" aria-required=\"true\" aria-invalid=\"false\" placeholder=\"Correo electr\u00f3nico\" value=\"\" type=\"email\" name=\"your-email\" \/><\/span>\n\t\t<\/p>\n\t<\/div>\n\t<div class=\"col-md-12\">\n\t\t<p><span>Curr\u00edculum (en formato PDF, m\u00e1ximo 2MB):<\/span><br \/>\n<span class=\"wpcf7-form-control-wrap\" data-name=\"pdf\"><input size=\"40\" class=\"wpcf7-form-control wpcf7-file wpcf7-validates-as-required\" accept=\".pdf\" aria-required=\"true\" aria-invalid=\"false\" type=\"file\" name=\"pdf\" \/><\/span>\n\t\t<\/p>\n\t<\/div>\n\t<div class=\"col-md-12\">\n\t\t<p><span class=\"wpcf7-form-control-wrap\" data-name=\"your-message\"><textarea cols=\"40\" rows=\"10\" maxlength=\"2000\" class=\"wpcf7-form-control wpcf7-textarea\" aria-invalid=\"false\" placeholder=\"Carta de presentaci\u00f3n (opcional)\" name=\"your-message\"><\/textarea><\/span>\n\t\t<\/p>\n\t<\/div>\n\t<div class=\"col-md-12\">\n\t\t<p><span class=\"wpcf7-form-control-wrap\" data-name=\"acceptance-314\"><span class=\"wpcf7-form-control wpcf7-acceptance\"><span class=\"wpcf7-list-item\"><label><input type=\"checkbox\" name=\"acceptance-314\" value=\"1\" aria-invalid=\"false\" \/><span class=\"wpcf7-list-item-label\">He le\u00eddo y acepto la <a href=\"\/politica-de-privacitat\/\" target=\"_blank\">pol\u00edtica de privacidad<\/a><\/span><\/label><\/span><\/span><\/span>\n\t\t<\/p>\n\t<\/div>\n<\/div>\n<p><div class=\"wpcf7-form-control has-spinner wpcf7-submit\"><button class=\"btn-form1-submit mt-15\">Enviar mensaje<\/button><\/div>\n<\/p><div class=\"wpcf7-response-output\" aria-hidden=\"true\"><\/div>\n<\/form>\n<\/div>\n\t\t\t\t<\/div>\t\n\t\t\t\t<\/div>\t\n\t\t\t\t\n\t\t<\/div>\t\n\t\t\n        \t\t<\/div>\n\t\t\t\t<\/div>\n\t\t\t\t\t<\/div>\n\t\t<\/div>\n\t\t\t\t<div class=\"elementor-column elementor-col-50 elementor-inner-column elementor-element elementor-element-ae8f78a\" data-id=\"ae8f78a\" data-element_type=\"column\" data-settings=\"{&quot;background_background&quot;:&quot;classic&quot;}\">\n\t\t\t<div class=\"elementor-widget-wrap\">\n\t\t\t\t\t\t\t<\/div>\n\t\t<\/div>\n\t\t\t\t\t<\/div>\n\t\t<\/section>\n\t\t\t\t\t<\/div>\n\t\t<\/div>\n\t\t\t\t\t<\/div>\n\t\t<\/section>\n\t\t\t\t<\/div>\n\t\t","protected":false},"excerpt":{"rendered":"<p>Trabaja con nosotros \u00bfQuieres formar parte de nuestro equipo? \u00a1Cont\u00e1ctanos! Alast Nuestro proyecto Si te gusta el proyecto de Alast y estas interesado\/a en unirte a nuestro equipo env\u00edanos tu&#8230;<\/p>\n","protected":false},"author":1,"featured_media":0,"parent":0,"menu_order":0,"comment_status":"closed","ping_status":"closed","template":"","meta":{"_joinchat":[],"footnotes":""},"class_list":["post-1914","page","type-page","status-publish","hentry"],"yoast_head":"<!-- This site is optimized with the Yoast SEO plugin v23.5 - https:\/\/yoast.com\/wordpress\/plugins\/seo\/ -->\n<title>\u00bfQuieres trabajar con nosotros? - Alast - Pollos Gourmet<\/title>\n<meta name=\"robots\" content=\"index, follow, max-snippet:-1, max-image-preview:large, max-video-preview:-1\" \/>\n<link rel=\"canonical\" href=\"https:\/\/alastmataro.com\/es\/quieres-trabajar-con-nosotros\/\" \/>\n<meta property=\"og:locale\" content=\"es_ES\" \/>\n<meta property=\"og:type\" content=\"article\" \/>\n<meta property=\"og:title\" content=\"\u00bfQuieres trabajar con nosotros? - Alast - Pollos Gourmet\" \/>\n<meta property=\"og:description\" content=\"Trabaja con nosotros \u00bfQuieres formar parte de nuestro equipo? \u00a1Cont\u00e1ctanos! Alast Nuestro proyecto Si te gusta el proyecto de Alast y estas interesado\/a en unirte a nuestro equipo env\u00edanos tu...\" \/>\n<meta property=\"og:url\" content=\"https:\/\/alastmataro.com\/es\/quieres-trabajar-con-nosotros\/\" \/>\n<meta property=\"og:site_name\" content=\"Alast - Pollos Gourmet\" \/>\n<meta property=\"article:publisher\" content=\"https:\/\/www.facebook.com\/profile.php?id=100095807010157\" \/>\n<meta property=\"article:modified_time\" content=\"2024-08-14T07:00:54+00:00\" \/>\n<meta property=\"og:image\" content=\"https:\/\/alastmataro.com\/wp-content\/uploads\/2024\/08\/local-alast-2-jpg.webp\" \/>\n<meta name=\"twitter:card\" content=\"summary_large_image\" \/>\n<meta name=\"twitter:label1\" content=\"Tiempo de lectura\" \/>\n\t<meta name=\"twitter:data1\" content=\"1 minuto\" \/>\n<script type=\"application\/ld+json\" class=\"yoast-schema-graph\">{\"@context\":\"https:\/\/schema.org\",\"@graph\":[{\"@type\":\"WebPage\",\"@id\":\"https:\/\/alastmataro.com\/es\/quieres-trabajar-con-nosotros\/\",\"url\":\"https:\/\/alastmataro.com\/es\/quieres-trabajar-con-nosotros\/\",\"name\":\"\u00bfQuieres trabajar con nosotros? - Alast - Pollos Gourmet\",\"isPartOf\":{\"@id\":\"https:\/\/alastmataro.com\/#website\"},\"primaryImageOfPage\":{\"@id\":\"https:\/\/alastmataro.com\/es\/quieres-trabajar-con-nosotros\/#primaryimage\"},\"image\":{\"@id\":\"https:\/\/alastmataro.com\/es\/quieres-trabajar-con-nosotros\/#primaryimage\"},\"thumbnailUrl\":\"https:\/\/alastmataro.com\/wp-content\/uploads\/2024\/08\/local-alast-2-jpg.webp\",\"datePublished\":\"2023-01-31T16:09:11+00:00\",\"dateModified\":\"2024-08-14T07:00:54+00:00\",\"breadcrumb\":{\"@id\":\"https:\/\/alastmataro.com\/es\/quieres-trabajar-con-nosotros\/#breadcrumb\"},\"inLanguage\":\"es\",\"potentialAction\":[{\"@type\":\"ReadAction\",\"target\":[\"https:\/\/alastmataro.com\/es\/quieres-trabajar-con-nosotros\/\"]}]},{\"@type\":\"ImageObject\",\"inLanguage\":\"es\",\"@id\":\"https:\/\/alastmataro.com\/es\/quieres-trabajar-con-nosotros\/#primaryimage\",\"url\":\"https:\/\/alastmataro.com\/wp-content\/uploads\/2024\/08\/local-alast-2-jpg.webp\",\"contentUrl\":\"https:\/\/alastmataro.com\/wp-content\/uploads\/2024\/08\/local-alast-2-jpg.webp\"},{\"@type\":\"BreadcrumbList\",\"@id\":\"https:\/\/alastmataro.com\/es\/quieres-trabajar-con-nosotros\/#breadcrumb\",\"itemListElement\":[{\"@type\":\"ListItem\",\"position\":1,\"name\":\"Inici\",\"item\":\"https:\/\/alastmataro.com\/\"},{\"@type\":\"ListItem\",\"position\":2,\"name\":\"\u00bfQuieres trabajar con nosotros?\"}]},{\"@type\":\"WebSite\",\"@id\":\"https:\/\/alastmataro.com\/#website\",\"url\":\"https:\/\/alastmataro.com\/\",\"name\":\"Alast - Pollastres Gourmet\",\"description\":\"Poller\u00eda Gourmet en el centro de Matar\u00f3\",\"publisher\":{\"@id\":\"https:\/\/alastmataro.com\/#organization\"},\"potentialAction\":[{\"@type\":\"SearchAction\",\"target\":{\"@type\":\"EntryPoint\",\"urlTemplate\":\"https:\/\/alastmataro.com\/?s={search_term_string}\"},\"query-input\":{\"@type\":\"PropertyValueSpecification\",\"valueRequired\":true,\"valueName\":\"search_term_string\"}}],\"inLanguage\":\"es\"},{\"@type\":\"Organization\",\"@id\":\"https:\/\/alastmataro.com\/#organization\",\"name\":\"Alast - Pollastres Gourmet\",\"url\":\"https:\/\/alastmataro.com\/\",\"logo\":{\"@type\":\"ImageObject\",\"inLanguage\":\"es\",\"@id\":\"https:\/\/alastmataro.com\/#\/schema\/logo\/image\/\",\"url\":\"https:\/\/alastmataro.com\/wp-content\/uploads\/2024\/08\/cropped-ALAST-LOGO.png\",\"contentUrl\":\"https:\/\/alastmataro.com\/wp-content\/uploads\/2024\/08\/cropped-ALAST-LOGO.png\",\"width\":512,\"height\":512,\"caption\":\"Alast - Pollastres Gourmet\"},\"image\":{\"@id\":\"https:\/\/alastmataro.com\/#\/schema\/logo\/image\/\"},\"sameAs\":[\"https:\/\/www.facebook.com\/profile.php?id=100095807010157\",\"https:\/\/www.instagram.com\/alastmataro\"]}]}<\/script>\n<!-- \/ Yoast SEO plugin. -->","yoast_head_json":{"title":"\u00bfQuieres trabajar con nosotros? - Alast - Pollos Gourmet","robots":{"index":"index","follow":"follow","max-snippet":"max-snippet:-1","max-image-preview":"max-image-preview:large","max-video-preview":"max-video-preview:-1"},"canonical":"https:\/\/alastmataro.com\/es\/quieres-trabajar-con-nosotros\/","og_locale":"es_ES","og_type":"article","og_title":"\u00bfQuieres trabajar con nosotros? - Alast - Pollos Gourmet","og_description":"Trabaja con nosotros \u00bfQuieres formar parte de nuestro equipo? \u00a1Cont\u00e1ctanos! Alast Nuestro proyecto Si te gusta el proyecto de Alast y estas interesado\/a en unirte a nuestro equipo env\u00edanos tu...","og_url":"https:\/\/alastmataro.com\/es\/quieres-trabajar-con-nosotros\/","og_site_name":"Alast - Pollos Gourmet","article_publisher":"https:\/\/www.facebook.com\/profile.php?id=100095807010157","article_modified_time":"2024-08-14T07:00:54+00:00","og_image":[{"url":"https:\/\/alastmataro.com\/wp-content\/uploads\/2024\/08\/local-alast-2-jpg.webp"}],"twitter_card":"summary_large_image","twitter_misc":{"Tiempo de lectura":"1 minuto"},"schema":{"@context":"https:\/\/schema.org","@graph":[{"@type":"WebPage","@id":"https:\/\/alastmataro.com\/es\/quieres-trabajar-con-nosotros\/","url":"https:\/\/alastmataro.com\/es\/quieres-trabajar-con-nosotros\/","name":"\u00bfQuieres trabajar con nosotros? - Alast - Pollos Gourmet","isPartOf":{"@id":"https:\/\/alastmataro.com\/#website"},"primaryImageOfPage":{"@id":"https:\/\/alastmataro.com\/es\/quieres-trabajar-con-nosotros\/#primaryimage"},"image":{"@id":"https:\/\/alastmataro.com\/es\/quieres-trabajar-con-nosotros\/#primaryimage"},"thumbnailUrl":"https:\/\/alastmataro.com\/wp-content\/uploads\/2024\/08\/local-alast-2-jpg.webp","datePublished":"2023-01-31T16:09:11+00:00","dateModified":"2024-08-14T07:00:54+00:00","breadcrumb":{"@id":"https:\/\/alastmataro.com\/es\/quieres-trabajar-con-nosotros\/#breadcrumb"},"inLanguage":"es","potentialAction":[{"@type":"ReadAction","target":["https:\/\/alastmataro.com\/es\/quieres-trabajar-con-nosotros\/"]}]},{"@type":"ImageObject","inLanguage":"es","@id":"https:\/\/alastmataro.com\/es\/quieres-trabajar-con-nosotros\/#primaryimage","url":"https:\/\/alastmataro.com\/wp-content\/uploads\/2024\/08\/local-alast-2-jpg.webp","contentUrl":"https:\/\/alastmataro.com\/wp-content\/uploads\/2024\/08\/local-alast-2-jpg.webp"},{"@type":"BreadcrumbList","@id":"https:\/\/alastmataro.com\/es\/quieres-trabajar-con-nosotros\/#breadcrumb","itemListElement":[{"@type":"ListItem","position":1,"name":"Inici","item":"https:\/\/alastmataro.com\/"},{"@type":"ListItem","position":2,"name":"\u00bfQuieres trabajar con nosotros?"}]},{"@type":"WebSite","@id":"https:\/\/alastmataro.com\/#website","url":"https:\/\/alastmataro.com\/","name":"Alast - Pollastres Gourmet","description":"Poller\u00eda Gourmet en el centro de Matar\u00f3","publisher":{"@id":"https:\/\/alastmataro.com\/#organization"},"potentialAction":[{"@type":"SearchAction","target":{"@type":"EntryPoint","urlTemplate":"https:\/\/alastmataro.com\/?s={search_term_string}"},"query-input":{"@type":"PropertyValueSpecification","valueRequired":true,"valueName":"search_term_string"}}],"inLanguage":"es"},{"@type":"Organization","@id":"https:\/\/alastmataro.com\/#organization","name":"Alast - Pollastres Gourmet","url":"https:\/\/alastmataro.com\/","logo":{"@type":"ImageObject","inLanguage":"es","@id":"https:\/\/alastmataro.com\/#\/schema\/logo\/image\/","url":"https:\/\/alastmataro.com\/wp-content\/uploads\/2024\/08\/cropped-ALAST-LOGO.png","contentUrl":"https:\/\/alastmataro.com\/wp-content\/uploads\/2024\/08\/cropped-ALAST-LOGO.png","width":512,"height":512,"caption":"Alast - Pollastres Gourmet"},"image":{"@id":"https:\/\/alastmataro.com\/#\/schema\/logo\/image\/"},"sameAs":["https:\/\/www.facebook.com\/profile.php?id=100095807010157","https:\/\/www.instagram.com\/alastmataro"]}]}},"_links":{"self":[{"href":"https:\/\/alastmataro.com\/es\/wp-json\/wp\/v2\/pages\/1914","targetHints":{"allow":["GET"]}}],"collection":[{"href":"https:\/\/alastmataro.com\/es\/wp-json\/wp\/v2\/pages"}],"about":[{"href":"https:\/\/alastmataro.com\/es\/wp-json\/wp\/v2\/types\/page"}],"author":[{"embeddable":true,"href":"https:\/\/alastmataro.com\/es\/wp-json\/wp\/v2\/users\/1"}],"replies":[{"embeddable":true,"href":"https:\/\/alastmataro.com\/es\/wp-json\/wp\/v2\/comments?post=1914"}],"version-history":[{"count":11,"href":"https:\/\/alastmataro.com\/es\/wp-json\/wp\/v2\/pages\/1914\/revisions"}],"predecessor-version":[{"id":2229,"href":"https:\/\/alastmataro.com\/es\/wp-json\/wp\/v2\/pages\/1914\/revisions\/2229"}],"wp:attachment":[{"href":"https:\/\/alastmataro.com\/es\/wp-json\/wp\/v2\/media?parent=1914"}],"curies":[{"name":"wp","href":"https:\/\/api.w.org\/{rel}","templated":true}]}}